{"id":244,"date":"2025-11-11T18:47:34","date_gmt":"2025-11-11T18:47:34","guid":{"rendered":"https:\/\/drewnianekarty.pl\/?post_type=product&#038;p=244"},"modified":"2025-11-12T10:17:10","modified_gmt":"2025-11-12T10:17:10","slug":"drewniana-karta-menu-gate-md02-special-texture","status":"publish","type":"product","link":"https:\/\/drewnianekarty.pl\/index.php\/produkt\/drewniana-karta-menu-gate-md02-special-texture\/","title":{"rendered":"Drewniana karta menu &#8222;Gate&#8221; MD02 &#8211; special texture"},"content":{"rendered":"<h2 class=\"my-[1em] leading-[1.4] text-[16px]\"><strong><a class=\"cursor-pointer\" title=\"www.google.com\/search?q=Drewniane%20Karty%20Menu\">Drewniane Karty Menu<\/a>\u00a0&#8211; Elegancja i Styl w Twojej Restauracji!<\/strong><\/h2>\n<p>Wprowad\u017a do swojego lokalu odrobin\u0119 naturalnego uroku z naszymi\u00a0<strong>drewnianymi kartami menu<\/strong>! Ka\u017cda karta to po\u0142\u0105czenie wyj\u0105tkowego designu z najwy\u017csz\u0105 jako\u015bci\u0105 wykonania, kt\u00f3re zachwyci Twoich go\u015bci i podkre\u015bli charakter Twojej restauracji.<\/p>\n<p>Uwaga! Aby zam\u00f3wienie mog\u0142o by\u0107 zrealizowane to ka\u017cde zam\u00f3wienie wymaga potwierdzenia ze strony sprzedawcy pod wzgl\u0119dem dost\u0119pno\u015bci, mo\u017cliwo\u015bci wykonania, terminu oraz ceny.<\/p>\n<h2>Grubo\u015b\u0107 deski 4mm (P\u0142yta HDF fornirowana)<\/h2>\n<h3><span style=\"color: #ff0000;\"><strong>MINIMALNE ZAM\u00d3WENIE 12szt<\/strong><\/span><\/h3>\n<h4><\/h4>\n<h3 class=\"my-[1em] leading-[1.4] text-[14px]\"><strong>Dlaczego warto wybra\u0107 nasze drewniane karty<\/strong> menu?<\/h3>\n<p><strong>Naturalny materia\u0142<\/strong>: Wykonane z wysokiej jako\u015bci sklejki, nasze karty s\u0105 ekologiczne i trwa\u0142e. Drewno dodaje ciep\u0142a i przytulno\u015bci, co sprawia, \u017ce go\u015bcie czuj\u0105 si\u0119 jak w domu.<\/p>\n<p><strong>Personalizacja:<\/strong> Oferujemy mo\u017cliwo\u015b\u0107 grawerowania logo lub unikalnego wzoru, dzi\u0119ki czemu ka\u017cda karta mo\u017ce by\u0107 dostosowana do indywidualnych potrzeb Twojego lokalu.<\/p>\n<p><strong>Stylowy design<\/strong>: Prosty, ale elegancki wygl\u0105d sprawia, \u017ce nasze karty \u015bwietnie wpisuj\u0105 si\u0119 w r\u00f3\u017cnorodne aran\u017cacje wn\u0119trz &#8211; od rustykalnych po nowoczesne.<span style=\"color: #ffffff;\">\u00a0\u015bwietnie wpisuj\u0105 si\u0119 w r\u00f3\u017cnorodne aran\u017cacje wn\u0119trz \u2013 od rustykalnych po nowoczesne.<\/span><\/p>\n<h3 class=\"my-[1em] leading-[1.4] text-[14px]\"><strong>Specyfikacja produktu:<\/strong><\/h3>\n<div class=\"table-wrapper overflow-x-auto overflow-y-hidden mb-5 mt-6 pb-1\">\n<div class=\"w-fit min-w-full overflow-hidden rounded-aria-radius-3\">\n<table class=\"markdown-table w-full border-separate border-spacing-[0px] break-words bg-transparent\" style=\"height: 115px; width: 641px;\" width=\"641\">\n<thead>\n<tr style=\"height: 23px;\">\n<th class=\"bg-levels-l2-hover px-2 py-[9.5px] text-subheader-m text-left\" style=\"width: 108.7px; height: 23px;\"><strong>Parametr<\/strong><\/th>\n<th class=\"bg-levels-l2-hover px-2 py-[9.5px] text-subheader-m text-left\" style=\"width: 518.7px; height: 23px;\"><strong>Opis<\/strong><\/th>\n<\/tr>\n<\/thead>\n<tbody>\n<tr style=\"height: 23px;\">\n<td class=\"bg-levels-l2-hover text-body-l px-2 py-[9.5px] text-left\" style=\"width: 108.7px; height: 23px;\">Materia\u0142<\/td>\n<td class=\"bg-levels-l2-hover text-body-l px-2 py-[9.5px] text-left\" style=\"width: 518.7px; height: 23px;\">P\u0142yta HDF<\/td>\n<\/tr>\n<tr style=\"height: 23px;\">\n<td class=\"bg-levels-l2-hover text-body-l px-2 py-[9.5px] text-left\" style=\"width: 108.7px; height: 23px;\">Wymiary<\/td>\n<td class=\"bg-levels-l2-hover text-body-l px-2 py-[9.5px] text-right\" style=\"width: 518.7px; height: 23px;\">269 x 345 mm<\/td>\n<\/tr>\n<tr style=\"height: 23px;\">\n<td class=\"bg-levels-l2-hover text-body-l px-2 py-[9.5px] text-left\" style=\"width: 108.7px; height: 23px;\">Personalizacja<\/td>\n<td class=\"bg-levels-l2-hover text-body-l px-2 py-[9.5px] text-left\" style=\"width: 518.7px; height: 23px;\">Grawerowanie dost\u0119pne lub tabliczka<\/td>\n<\/tr>\n<tr style=\"height: 23px;\">\n<td class=\"bg-levels-l2-hover text-body-l px-2 py-[9.5px] text-left\" style=\"width: 108.7px; height: 23px;\">Kolor<\/td>\n<td class=\"bg-levels-l2-hover text-body-l px-2 py-[9.5px] text-left\" style=\"width: 518.7px; height: 23px;\">Zgodnie z ofert\u0105 dost\u0119pno\u015bci oklein<\/td>\n<\/tr>\n<\/tbody>\n<\/table>\n<\/div>\n<\/div>\n<h3 class=\"my-[1em] leading-[1.4] text-[14px]\"><strong>Idealne dla:<\/strong><\/h3>\n<ul>\n<li>restauracji<\/li>\n<li>karczm<\/li>\n<li>bar\u00f3w<\/li>\n<li>pizzerii<\/li>\n<li>kafejek<\/li>\n<li>hoteli<\/li>\n<li>agroturystyki<\/li>\n<\/ul>\n<p>Zainwestuj w nasze\u00a0<strong>drewniane karty menu<\/strong>\u00a0i spraw, by Twoje menu sta\u0142o si\u0119 nie tylko informacj\u0105 o potrawach, ale tak\u017ce elementem dekoracyjnym, kt\u00f3ry przyci\u0105ga wzrok.\u00a0<strong>Zam\u00f3w ju\u017c dzi\u015b<\/strong>\u00a0i wyr\u00f3\u017cnij si\u0119 na tle konkurencji!<\/p>\n","protected":false},"excerpt":{"rendered":"<p>Drewniane Karty Menu\u00a0&#8211; Elegancja i Styl w Twojej Restauracji! Wprowad\u017a do swojego lokalu odrobin\u0119 naturalnego uroku z naszymi\u00a0drewnianymi kartami menu! Ka\u017cda karta to po\u0142\u0105czenie wyj\u0105tkowego designu z najwy\u017csz\u0105 jako\u015bci\u0105 wykonania, kt\u00f3re zachwyci Twoich go\u015bci i podkre\u015bli charakter Twojej restauracji. Uwaga! Aby zam\u00f3wienie mog\u0142o by\u0107 zrealizowane to ka\u017cde zam\u00f3wienie wymaga potwierdzenia ze strony sprzedawcy pod wzgl\u0119dem [&hellip;]<\/p>\n","protected":false},"featured_media":245,"template":"","meta":{"_et_pb_use_builder":"","_et_pb_old_content":"","_et_gb_content_width":""},"product_brand":[],"product_cat":[17],"product_tag":[18,19,28,20,23,22,24,25,26,21,27],"class_list":{"0":"post-244","1":"product","2":"type-product","3":"status-publish","4":"has-post-thumbnail","6":"product_cat-drewniane-karty-menu","7":"product_tag-drewniana-karta","8":"product_tag-drewniane-karty-menu","9":"product_tag-menu","10":"product_tag-menu-card","11":"product_tag-menu-card-for-restaurant","12":"product_tag-menu-dla-restauracji","13":"product_tag-menu-na-zamowienie","14":"product_tag-najladniejsza-karta-menu","15":"product_tag-piekne-karty-menu","16":"product_tag-wooden-menu-card","17":"product_tag-wyjatkowe-karty-menu","18":"product_shipping_class-standardowa","19":"pa_format-a4","20":"pa_format-a5","22":"first","23":"instock","24":"taxable","25":"shipping-taxable","26":"purchasable","27":"product-type-variable"},"_links":{"self":[{"href":"https:\/\/drewnianekarty.pl\/index.php\/wp-json\/wp\/v2\/product\/244","targetHints":{"allow":["GET"]}}],"collection":[{"href":"https:\/\/drewnianekarty.pl\/index.php\/wp-json\/wp\/v2\/product"}],"about":[{"href":"https:\/\/drewnianekarty.pl\/index.php\/wp-json\/wp\/v2\/types\/product"}],"wp:featuredmedia":[{"embeddable":true,"href":"https:\/\/drewnianekarty.pl\/index.php\/wp-json\/wp\/v2\/media\/245"}],"wp:attachment":[{"href":"https:\/\/drewnianekarty.pl\/index.php\/wp-json\/wp\/v2\/media?parent=244"}],"wp:term":[{"taxonomy":"product_brand","embeddable":true,"href":"https:\/\/drewnianekarty.pl\/index.php\/wp-json\/wp\/v2\/product_brand?post=244"},{"taxonomy":"product_cat","embeddable":true,"href":"https:\/\/drewnianekarty.pl\/index.php\/wp-json\/wp\/v2\/product_cat?post=244"},{"taxonomy":"product_tag","embeddable":true,"href":"https:\/\/drewnianekarty.pl\/index.php\/wp-json\/wp\/v2\/product_tag?post=244"}],"curies":[{"name":"wp","href":"https:\/\/api.w.org\/{rel}","templated":true}]}}