{"id":299,"date":"2025-11-12T10:13:20","date_gmt":"2025-11-12T10:13:20","guid":{"rendered":"https:\/\/drewnianekarty.pl\/?post_type=product&#038;p=299"},"modified":"2025-12-15T12:33:37","modified_gmt":"2025-12-15T12:33:37","slug":"drewniana-karta-menu-simple-md06-standard","status":"publish","type":"product","link":"https:\/\/drewnianekarty.pl\/index.php\/produkt\/drewniana-karta-menu-simple-md06-standard\/","title":{"rendered":"Drewniana karta menu &#8222;Simple&#8221; MD06 &#8211; standard"},"content":{"rendered":"<h2 class=\"my-[1em] leading-[1.4] text-[16px]\"><strong><a class=\"cursor-pointer\" title=\"www.google.com\/search?q=Drewniane%20Karty%20Menu\">Drewniane Karty Menu<\/a>\u00a0&#8211; Elegancja i Styl w Twojej Restauracji!<\/strong><\/h2>\n<p>Wprowad\u017a do swojego lokalu odrobin\u0119 naturalnego uroku z naszymi\u00a0<strong>drewnianymi kartami menu<\/strong>! Ka\u017cda karta to po\u0142\u0105czenie wyj\u0105tkowego designu z najwy\u017csz\u0105 jako\u015bci\u0105 wykonania, kt\u00f3re zachwyci Twoich go\u015bci i podkre\u015bli charakter Twojej restauracji.<\/p>\n<p>Uwaga! Aby zam\u00f3wienie mog\u0142o by\u0107 zrealizowane to ka\u017cde zam\u00f3wienie wymaga potwierdzenia ze strony sprzedawcy pod wzgl\u0119dem dost\u0119pno\u015bci, mo\u017cliwo\u015bci wykonania, terminu oraz ceny.<\/p>\n<h2><span style=\"color: #0000ff;\">Standardowa grubo\u015b\u0107 sklejki z kt\u00f3rej wykonana jest karta menu &#8211; 4mm<\/span><\/h2>\n<h3><span style=\"color: #0000ff;\">Opcjonalnie mo\u017cliwo\u015b\u0107 wykonania ze sklejki 5mm i 6mm\u00a0\u00a0<\/span><\/h3>\n<h4>W karcie menu zastosowano wk\u0142ady z folii o grubo\u015bci 0,75 mic., opcjonalnie za dop\u0142at\u0105 mo\u017cna zmieni\u0107 na grubsze wk\u0142ady 100mic. lub 120mic<\/h4>\n<h3 class=\"my-[1em] leading-[1.4] text-[14px]\"><strong>Dlaczego warto wybra\u0107 nasze drewniane karty<\/strong> menu?<\/h3>\n<p><strong>Naturalny materia\u0142<\/strong>: Wykonane z wysokiej jako\u015bci sklejki, nasze karty s\u0105 ekologiczne i trwa\u0142e. Drewno dodaje ciep\u0142a i przytulno\u015bci, co sprawia, \u017ce go\u015bcie czuj\u0105 si\u0119 jak w domu.<\/p>\n<p><strong>Personalizacja:<\/strong> Oferujemy mo\u017cliwo\u015b\u0107 grawerowania logo lub unikalnego wzoru, dzi\u0119ki czemu ka\u017cda karta mo\u017ce by\u0107 dostosowana do indywidualnych potrzeb Twojego lokalu.<\/p>\n<p><strong>Stylowy design<\/strong>: Prosty, ale elegancki wygl\u0105d sprawia, \u017ce nasze karty \u015bwietnie wpisuj\u0105 si\u0119 w r\u00f3\u017cnorodne aran\u017cacje wn\u0119trz &#8211; od rustykalnych po nowoczesne.<span style=\"color: #ffffff;\">\u00a0\u015bwietnie wpisuj\u0105 si\u0119 w r\u00f3\u017cnorodne aran\u017cacje wn\u0119trz \u2013 od rustykalnych po nowoczesne.<\/span><\/p>\n<h3 class=\"my-[1em] leading-[1.4] text-[14px]\"><strong>Specyfikacja produktu:<\/strong><\/h3>\n<div class=\"table-wrapper overflow-x-auto overflow-y-hidden mb-5 mt-6 pb-1\">\n<div class=\"w-fit min-w-full overflow-hidden rounded-aria-radius-3\">\n<table class=\"markdown-table w-full border-separate border-spacing-[0px] break-words bg-transparent\" style=\"height: 177px; width: 641px;\" width=\"641\">\n<thead>\n<tr style=\"height: 23px;\">\n<th class=\"bg-levels-l2-hover px-2 py-[9.5px] text-subheader-m text-left\" style=\"width: 108.7px; height: 23px;\"><strong>Parametr<\/strong><\/th>\n<th class=\"bg-levels-l2-hover px-2 py-[9.5px] text-subheader-m text-left\" style=\"width: 518.7px; height: 23px;\"><strong>Opis<\/strong><\/th>\n<\/tr>\n<\/thead>\n<tbody>\n<tr style=\"height: 23px;\">\n<td class=\"bg-levels-l2-hover text-body-l px-2 py-[9.5px] text-left\" style=\"width: 108.7px; height: 23px;\">Materia\u0142<\/td>\n<td class=\"bg-levels-l2-hover text-body-l px-2 py-[9.5px] text-left\" style=\"width: 518.7px; height: 23px;\">Sklejka<\/td>\n<\/tr>\n<tr style=\"height: 23px;\">\n<td class=\"bg-levels-l2-hover text-body-l px-2 py-[9.5px] text-left\" style=\"width: 108.7px; height: 23px;\">Wymiary<\/td>\n<td class=\"bg-levels-l2-hover text-body-l px-2 py-[9.5px] text-right\" style=\"width: 518.7px; height: 23px;\">262 x 356mm<\/td>\n<\/tr>\n<tr style=\"height: 23px;\">\n<td class=\"bg-levels-l2-hover text-body-l px-2 py-[9.5px] text-left\" style=\"width: 108.7px; height: 23px;\">Personalizacja<\/td>\n<td class=\"bg-levels-l2-hover text-body-l px-2 py-[9.5px] text-left\" style=\"width: 518.7px; height: 23px;\">Grawerowanie dost\u0119pne<\/td>\n<\/tr>\n<tr style=\"height: 23px;\">\n<td class=\"bg-levels-l2-hover text-body-l px-2 py-[9.5px] text-left\" style=\"width: 108.7px; height: 23px;\">Kolor<\/td>\n<td class=\"bg-levels-l2-hover text-body-l px-2 py-[9.5px] text-left\" style=\"width: 518.7px; height: 23px;\">Naturalny, ciemny br\u0105z, jasny br\u0105z, grafitowy (czarny), antyczny<\/td>\n<\/tr>\n<\/tbody>\n<\/table>\n<\/div>\n<\/div>\n<h3 class=\"my-[1em] leading-[1.4] text-[14px]\"><strong>Idealne dla:<\/strong><\/h3>\n<ul>\n<li>restauracji<\/li>\n<li>karczm<\/li>\n<li>bar\u00f3w<\/li>\n<li>pizzerii<\/li>\n<li>kafejek<\/li>\n<li>hoteli<\/li>\n<li>agroturystyki<\/li>\n<\/ul>\n<p>Zainwestuj w nasze\u00a0<strong>drewniane karty menu<\/strong>\u00a0i spraw, by Twoje menu sta\u0142o si\u0119 nie tylko informacj\u0105 o potrawach, ale tak\u017ce elementem dekoracyjnym, kt\u00f3ry przyci\u0105ga wzrok.\u00a0<strong>Zam\u00f3w ju\u017c dzi\u015b<\/strong>\u00a0i wyr\u00f3\u017cnij si\u0119 na tle konkurencji!<\/p>\n","protected":false},"excerpt":{"rendered":"<p>Drewniane Karty Menu\u00a0&#8211; Elegancja i Styl w Twojej Restauracji! Wprowad\u017a do swojego lokalu odrobin\u0119 naturalnego uroku z naszymi\u00a0drewnianymi kartami menu! Ka\u017cda karta to po\u0142\u0105czenie wyj\u0105tkowego designu z najwy\u017csz\u0105 jako\u015bci\u0105 wykonania, kt\u00f3re zachwyci Twoich go\u015bci i podkre\u015bli charakter Twojej restauracji. Uwaga! Aby zam\u00f3wienie mog\u0142o by\u0107 zrealizowane to ka\u017cde zam\u00f3wienie wymaga potwierdzenia ze strony sprzedawcy pod wzgl\u0119dem [&hellip;]<\/p>\n","protected":false},"featured_media":304,"template":"","meta":{"_et_pb_use_builder":"","_et_pb_old_content":"","_et_gb_content_width":""},"product_brand":[],"product_cat":[17],"product_tag":[18,19,61,55,54,28,20,23,22,24,25,26,21,27],"class_list":{"0":"post-299","1":"product","2":"type-product","3":"status-publish","4":"has-post-thumbnail","6":"product_cat-drewniane-karty-menu","7":"product_tag-drewniana-karta","8":"product_tag-drewniane-karty-menu","9":"product_tag-jadlospis","10":"product_tag-karta-menu","11":"product_tag-karty-menu","12":"product_tag-menu","13":"product_tag-menu-card","14":"product_tag-menu-card-for-restaurant","15":"product_tag-menu-dla-restauracji","16":"product_tag-menu-na-zamowienie","17":"product_tag-najladniejsza-karta-menu","18":"product_tag-piekne-karty-menu","19":"product_tag-wooden-menu-card","20":"product_tag-wyjatkowe-karty-menu","21":"product_shipping_class-standardowa","22":"pa_format-a4","23":"pa_format-a5","25":"first","26":"instock","27":"taxable","28":"shipping-taxable","29":"purchasable","30":"product-type-variable"},"_links":{"self":[{"href":"https:\/\/drewnianekarty.pl\/index.php\/wp-json\/wp\/v2\/product\/299","targetHints":{"allow":["GET"]}}],"collection":[{"href":"https:\/\/drewnianekarty.pl\/index.php\/wp-json\/wp\/v2\/product"}],"about":[{"href":"https:\/\/drewnianekarty.pl\/index.php\/wp-json\/wp\/v2\/types\/product"}],"wp:featuredmedia":[{"embeddable":true,"href":"https:\/\/drewnianekarty.pl\/index.php\/wp-json\/wp\/v2\/media\/304"}],"wp:attachment":[{"href":"https:\/\/drewnianekarty.pl\/index.php\/wp-json\/wp\/v2\/media?parent=299"}],"wp:term":[{"taxonomy":"product_brand","embeddable":true,"href":"https:\/\/drewnianekarty.pl\/index.php\/wp-json\/wp\/v2\/product_brand?post=299"},{"taxonomy":"product_cat","embeddable":true,"href":"https:\/\/drewnianekarty.pl\/index.php\/wp-json\/wp\/v2\/product_cat?post=299"},{"taxonomy":"product_tag","embeddable":true,"href":"https:\/\/drewnianekarty.pl\/index.php\/wp-json\/wp\/v2\/product_tag?post=299"}],"curies":[{"name":"wp","href":"https:\/\/api.w.org\/{rel}","templated":true}]}}